{"id":13329,"date":"2024-10-06T19:03:15","date_gmt":"2024-10-06T18:03:15","guid":{"rendered":"https:\/\/pastir.rs\/?page_id=13329"},"modified":"2025-11-15T23:14:29","modified_gmt":"2025-11-15T23:14:29","slug":"maja-napolitanke","status":"publish","type":"page","link":"https:\/\/pastir.rs\/en\/maja-napolitanke\/","title":{"rendered":"Maja napolitanke"},"content":{"rendered":"<div data-elementor-type=\"wp-page\" data-elementor-id=\"13329\" class=\"elementor elementor-13329\">\n\t\t\t\t<div class=\"elementor-element elementor-element-7b89188 e-con-full e-flex e-con e-parent\" data-id=\"7b89188\" data-element_type=\"container\" data-settings=\"{&quot;background_background&quot;:&quot;classic&quot;}\">\n\t\t<div class=\"elementor-element elementor-element-1e14eba e-con-full qodef-elementor-content-grid e-flex e-con e-child\" data-id=\"1e14eba\" data-element_type=\"container\">\n\t\t\t\t<div class=\"elementor-element elementor-element-a06ab31 elementor-invisible elementor-widget elementor-widget-image\" data-id=\"a06ab31\" data-element_type=\"widget\" data-settings=\"{&quot;_animation&quot;:&quot;fadeIn&quot;,&quot;_animation_delay&quot;:400}\" data-widget_type=\"image.default\">\n\t\t\t\t<div class=\"elementor-widget-container\">\n\t\t\t\t\t\t\t\t\t\t\t\t\t\t\t<img fetchpriority=\"high\" decoding=\"async\" width=\"462\" height=\"462\" src=\"https:\/\/pastir.rs\/wp-content\/uploads\/2024\/10\/okrugla-nalepnica.webp\" class=\"attachment-large size-large wp-image-13331\" alt=\"\" srcset=\"https:\/\/pastir.rs\/wp-content\/uploads\/2024\/10\/okrugla-nalepnica.webp 462w, https:\/\/pastir.rs\/wp-content\/uploads\/2024\/10\/okrugla-nalepnica-300x300.webp 300w, https:\/\/pastir.rs\/wp-content\/uploads\/2024\/10\/okrugla-nalepnica-150x150.webp 150w, https:\/\/pastir.rs\/wp-content\/uploads\/2024\/10\/okrugla-nalepnica-12x12.webp 12w\" sizes=\"(max-width: 462px) 100vw, 462px\" \/>\t\t\t\t\t\t\t\t\t\t\t\t\t\t\t<\/div>\n\t\t\t\t<\/div>\n\t\t\t\t<div class=\"elementor-element elementor-element-c953ffe elementor-invisible elementor-widget elementor-widget-heading\" data-id=\"c953ffe\" data-element_type=\"widget\" data-settings=\"{&quot;_animation&quot;:&quot;fadeIn&quot;,&quot;_animation_delay&quot;:750}\" data-widget_type=\"heading.default\">\n\t\t\t\t<div class=\"elementor-widget-container\">\n\t\t\t\t\t<h2 class=\"elementor-heading-title elementor-size-default\">Wafers<\/h2>\t\t\t\t<\/div>\n\t\t\t\t<\/div>\n\t\t\t\t<\/div>\n\t\t\t\t<\/div>\n\t\t<div class=\"elementor-element elementor-element-5331fba e-flex e-con-boxed e-con e-parent\" data-id=\"5331fba\" data-element_type=\"container\">\n\t\t\t\t\t<div class=\"e-con-inner\">\n\t\t\t\t<div class=\"elementor-element elementor-element-9c0d74c elementor-widget elementor-widget-heading\" data-id=\"9c0d74c\" data-element_type=\"widget\" data-widget_type=\"heading.default\">\n\t\t\t\t<div class=\"elementor-widget-container\">\n\t\t\t\t\t<h2 class=\"elementor-heading-title elementor-size-default\">Maja crispy wafers with thin wafers and filled with 80% filling<\/h2>\t\t\t\t<\/div>\n\t\t\t\t<\/div>\n\t\t\t\t\t<\/div>\n\t\t\t\t<\/div>\n\t\t<div class=\"elementor-element elementor-element-f0b5964 e-flex e-con-boxed e-con e-parent\" data-id=\"f0b5964\" data-element_type=\"container\">\n\t\t\t\t\t<div class=\"e-con-inner\">\n\t\t\t\t<div class=\"elementor-element elementor-element-0aa3ecd elementor-widget elementor-widget-html\" data-id=\"0aa3ecd\" data-element_type=\"widget\" data-widget_type=\"html.default\">\n\t\t\t\t<div class=\"elementor-widget-container\">\n\t\t\t\t\t<style>.swiper-slide-image{cursor: pointer;} <\/style>\r\n\r\n<script>\r\ndocument.addEventListener('DOMContentLoaded', function () {\r\n\r\n    \/* Edit the URL Links Here *\/\r\n    let links = [\r\n        '\/maja-napolitanke\/maja-napolitanke-cokolada-170g\/',\r\n        '\/maja-napolitanke\/maja-napolitanke-lesnik-170g\/',\r\n        '\/maja-napolitanke\/maja-napolitanke-mleko-cokolada-170g\/',\r\n    ];\r\n\r\n    \/\/ Funkcija za dodavanje prefiksa jezika\r\n    function getLocalizedLink(link) {\r\n        const currentLang = document.documentElement.getAttribute('lang');\r\n        \r\n        \/\/ Ako je jezik engleski, dodaj \/en\/ prefiks\r\n        if (currentLang && currentLang.startsWith('en')) {\r\n            return `\/en${link}`;\r\n        }\r\n        \/\/ Ako je srpski, link ostaje nepromenjen\r\n        return link;\r\n    }\r\n\r\n    \/\/ Kreiraj lokalizovane linkove\r\n    const localizedLinks = links.map(link => getLocalizedLink(link));\r\n\r\n    \/\/ Klik doga\u0111aj na .swiper-slide\r\n    document.body.addEventListener('click', function (e) {\r\n        if (e.target.closest('.carousel-links .swiper-slide')) {\r\n            let i = e.target.closest('.swiper-slide').getAttribute(\"data-swiper-slide-index\");\r\n            if (localizedLinks[i] && localizedLinks[i].length > 2) {\r\n                \/\/ Preusmeravanje na lokalizovani link\r\n                window.location.href = localizedLinks[i];\r\n            }\r\n        }\r\n    });\r\n});\r\n<\/script>\r\n\t\t\t\t<\/div>\n\t\t\t\t<\/div>\n\t\t\t\t\t<\/div>\n\t\t\t\t<\/div>\n\t\t<div class=\"elementor-element elementor-element-6200edb e-flex e-con-boxed e-con e-parent\" data-id=\"6200edb\" data-element_type=\"container\">\n\t\t\t\t\t<div class=\"e-con-inner\">\n\t\t\t\t<div class=\"elementor-element elementor-element-6fd26b5 elementor-widget elementor-widget-fidalgo_core_image_gallery\" data-id=\"6fd26b5\" data-element_type=\"widget\" data-widget_type=\"fidalgo_core_image_gallery.default\">\n\t\t\t\t<div class=\"elementor-widget-container\">\n\t\t\t\t\t<div class=\"qodef-shortcode qodef-m  qodef-image-gallery   qodef-display-captions qodef-captions-on-hover qodef-border-radius-predefined-none    qodef--has-hover qodef-grid qodef-layout--columns    qodef-col-num--3    qodef-responsive--predefined\" >\n\t<div class=\"qodef-grid-inner\">\n\t\t<div class=\"qodef-e qodef-image-wrapper qodef--has-appear qodef-grid-item\">\n\t\t\t<a itemprop=\"url\" class=\"qodef-round-borders-wrapper\" href=\"https:\/\/pastir.rs\/en\/maja-napolitanke\/maja-napolitanke-cokolada-170g\/\" target=\"_self\">\n\t\t\t<div class=\"qodef-round-borders-wrapper-inner\">\n\t\t\t<img decoding=\"async\" width=\"1280\" height=\"512\" src=\"https:\/\/pastir.rs\/wp-content\/uploads\/2024\/10\/Maja-cokolada-170g.webp\" class=\"attachment-full size-full\" alt=\"\" srcset=\"https:\/\/pastir.rs\/wp-content\/uploads\/2024\/10\/Maja-cokolada-170g.webp 1280w, https:\/\/pastir.rs\/wp-content\/uploads\/2024\/10\/Maja-cokolada-170g-300x120.webp 300w, https:\/\/pastir.rs\/wp-content\/uploads\/2024\/10\/Maja-cokolada-170g-1024x410.webp 1024w, https:\/\/pastir.rs\/wp-content\/uploads\/2024\/10\/Maja-cokolada-170g-768x307.webp 768w, https:\/\/pastir.rs\/wp-content\/uploads\/2024\/10\/Maja-cokolada-170g-18x7.webp 18w\" sizes=\"(max-width: 1280px) 100vw, 1280px\" \/>\t\t<\/div>\n            <div class=\"qodef-e-content\">\n         <div class=\"qodef-e-title\">\n            <span class=\"qodef-e-caption\">\n                Maja chocolate wafers 170g            <\/span>\n        <\/div>\n\t    <div class=\"qodef-e-description\">\n\t        \t    <\/div>\n\t<\/div>\n    \t\t\t<\/a>\n\t<\/div>\n<div class=\"qodef-e qodef-image-wrapper qodef--has-appear qodef-grid-item\">\n\t\t\t<a itemprop=\"url\" class=\"qodef-round-borders-wrapper\" href=\"https:\/\/pastir.rs\/en\/maja-napolitanke\/maja-napolitanke-lesnik-170g\/\" target=\"_self\">\n\t\t\t<div class=\"qodef-round-borders-wrapper-inner\">\n\t\t\t<img decoding=\"async\" width=\"1280\" height=\"512\" src=\"https:\/\/pastir.rs\/wp-content\/uploads\/2024\/10\/Maja-lesnik-170g.webp\" class=\"attachment-full size-full\" alt=\"\" srcset=\"https:\/\/pastir.rs\/wp-content\/uploads\/2024\/10\/Maja-lesnik-170g.webp 1280w, https:\/\/pastir.rs\/wp-content\/uploads\/2024\/10\/Maja-lesnik-170g-300x120.webp 300w, https:\/\/pastir.rs\/wp-content\/uploads\/2024\/10\/Maja-lesnik-170g-1024x410.webp 1024w, https:\/\/pastir.rs\/wp-content\/uploads\/2024\/10\/Maja-lesnik-170g-768x307.webp 768w, https:\/\/pastir.rs\/wp-content\/uploads\/2024\/10\/Maja-lesnik-170g-18x7.webp 18w\" sizes=\"(max-width: 1280px) 100vw, 1280px\" \/>\t\t<\/div>\n            <div class=\"qodef-e-content\">\n         <div class=\"qodef-e-title\">\n            <span class=\"qodef-e-caption\">\n                Maja hazelnut wafers 170g            <\/span>\n        <\/div>\n\t    <div class=\"qodef-e-description\">\n\t        \t    <\/div>\n\t<\/div>\n    \t\t\t<\/a>\n\t<\/div>\n<div class=\"qodef-e qodef-image-wrapper qodef--has-appear qodef-grid-item\">\n\t\t\t<a itemprop=\"url\" class=\"qodef-round-borders-wrapper\" href=\"https:\/\/pastir.rs\/en\/maja-napolitanke\/maja-napolitanke-mleko-cokolada-170g\/\" target=\"_self\">\n\t\t\t<div class=\"qodef-round-borders-wrapper-inner\">\n\t\t\t<img loading=\"lazy\" decoding=\"async\" width=\"1280\" height=\"512\" src=\"https:\/\/pastir.rs\/wp-content\/uploads\/2024\/10\/Maja-cokolada-mleko-170g.webp\" class=\"attachment-full size-full\" alt=\"\" srcset=\"https:\/\/pastir.rs\/wp-content\/uploads\/2024\/10\/Maja-cokolada-mleko-170g.webp 1280w, https:\/\/pastir.rs\/wp-content\/uploads\/2024\/10\/Maja-cokolada-mleko-170g-300x120.webp 300w, https:\/\/pastir.rs\/wp-content\/uploads\/2024\/10\/Maja-cokolada-mleko-170g-1024x410.webp 1024w, https:\/\/pastir.rs\/wp-content\/uploads\/2024\/10\/Maja-cokolada-mleko-170g-768x307.webp 768w, https:\/\/pastir.rs\/wp-content\/uploads\/2024\/10\/Maja-cokolada-mleko-170g-18x7.webp 18w\" sizes=\"(max-width: 1280px) 100vw, 1280px\" \/>\t\t<\/div>\n            <div class=\"qodef-e-content\">\n         <div class=\"qodef-e-title\">\n            <span class=\"qodef-e-caption\">\n                Maja milk chocolate wafers 170g            <\/span>\n        <\/div>\n\t    <div class=\"qodef-e-description\">\n\t        \t    <\/div>\n\t<\/div>\n    \t\t\t<\/a>\n\t<\/div>\n\t<\/div>\n<\/div>\n\t\t\t\t<\/div>\n\t\t\t\t<\/div>\n\t\t\t\t\t<\/div>\n\t\t\t\t<\/div>\n\t\t\t\t<\/div>","protected":false},"excerpt":{"rendered":"<p>Napolitanke Maja krckave napolitanke sa tankim vaflom i pune fila (80%) Maja napolitanke \u010dokolada 170g Maja napolitanke le\u0161nik 170g Maja napolitanke mleko \u010dokolada 170g<\/p>","protected":false},"author":2,"featured_media":0,"parent":0,"menu_order":0,"comment_status":"closed","ping_status":"closed","template":"page-full-width.php","meta":{"footnotes":""},"class_list":["post-13329","page","type-page","status-publish","hentry"],"_links":{"self":[{"href":"https:\/\/pastir.rs\/en\/wp-json\/wp\/v2\/pages\/13329","targetHints":{"allow":["GET"]}}],"collection":[{"href":"https:\/\/pastir.rs\/en\/wp-json\/wp\/v2\/pages"}],"about":[{"href":"https:\/\/pastir.rs\/en\/wp-json\/wp\/v2\/types\/page"}],"author":[{"embeddable":true,"href":"https:\/\/pastir.rs\/en\/wp-json\/wp\/v2\/users\/2"}],"replies":[{"embeddable":true,"href":"https:\/\/pastir.rs\/en\/wp-json\/wp\/v2\/comments?post=13329"}],"version-history":[{"count":112,"href":"https:\/\/pastir.rs\/en\/wp-json\/wp\/v2\/pages\/13329\/revisions"}],"predecessor-version":[{"id":16245,"href":"https:\/\/pastir.rs\/en\/wp-json\/wp\/v2\/pages\/13329\/revisions\/16245"}],"wp:attachment":[{"href":"https:\/\/pastir.rs\/en\/wp-json\/wp\/v2\/media?parent=13329"}],"curies":[{"name":"wp","href":"https:\/\/api.w.org\/{rel}","templated":true}]}}