{"id":13461,"date":"2024-10-08T14:47:25","date_gmt":"2024-10-08T13:47:25","guid":{"rendered":"https:\/\/pastir.rs\/?page_id=13461"},"modified":"2025-01-31T15:25:05","modified_gmt":"2025-01-31T15:25:05","slug":"podaci-o-kompaniji","status":"publish","type":"page","link":"https:\/\/pastir.rs\/en\/podaci-o-kompaniji\/","title":{"rendered":"COMPANY INFORMATION"},"content":{"rendered":"<div data-elementor-type=\"wp-page\" data-elementor-id=\"13461\" class=\"elementor elementor-13461\">\n\t\t\t\t<div class=\"elementor-element elementor-element-7b89188 e-con-full e-flex e-con e-parent\" data-id=\"7b89188\" data-element_type=\"container\" data-settings=\"{&quot;background_background&quot;:&quot;classic&quot;}\">\n\t\t<div class=\"elementor-element elementor-element-1e14eba e-con-full qodef-elementor-content-grid e-flex e-con e-child\" data-id=\"1e14eba\" data-element_type=\"container\">\n\t\t\t\t<div class=\"elementor-element elementor-element-b9adad8 elementor-invisible elementor-widget elementor-widget-heading\" data-id=\"b9adad8\" data-element_type=\"widget\" data-settings=\"{&quot;_animation&quot;:&quot;fadeIn&quot;,&quot;_animation_delay&quot;:150}\" data-widget_type=\"heading.default\">\n\t\t\t\t<div class=\"elementor-widget-container\">\n\t\t\t\t\t<h2 class=\"elementor-heading-title elementor-size-default\">Euro Line<\/h2>\t\t\t\t<\/div>\n\t\t\t\t<\/div>\n\t\t\t\t<div class=\"elementor-element elementor-element-c953ffe elementor-invisible elementor-widget elementor-widget-heading\" data-id=\"c953ffe\" data-element_type=\"widget\" data-settings=\"{&quot;_animation&quot;:&quot;fadeIn&quot;,&quot;_animation_delay&quot;:650}\" data-widget_type=\"heading.default\">\n\t\t\t\t<div class=\"elementor-widget-container\">\n\t\t\t\t\t<h2 class=\"elementor-heading-title elementor-size-default\">COMPANY INFORMATION<\/h2>\t\t\t\t<\/div>\n\t\t\t\t<\/div>\n\t\t\t\t<\/div>\n\t\t\t\t<\/div>\n\t\t<div class=\"elementor-element elementor-element-5331fba e-flex e-con-boxed e-con e-parent\" data-id=\"5331fba\" data-element_type=\"container\">\n\t\t\t\t\t<div class=\"e-con-inner\">\n\t\t\t\t<div class=\"elementor-element elementor-element-9e755d3 elementor-widget elementor-widget-text-editor\" data-id=\"9e755d3\" data-element_type=\"widget\" data-widget_type=\"text-editor.default\">\n\t\t\t\t<div class=\"elementor-widget-container\">\n\t\t\t\t\t\t\t\t\t<ul><li>VAT Number: 104167320<\/li><li>Registration Number: 20102837<\/li><li>Address: Vu\u010dkovica BB, 34240 Kni\u0107, Serbia<\/li><li>Website: www.pastir.rs<\/li><li>Standards: HACCP and FSSC<\/li><li>Business Activity Code: 1039<\/li><\/ul>\t\t\t\t\t\t\t\t<\/div>\n\t\t\t\t<\/div>\n\t\t\t\t\t<\/div>\n\t\t\t\t<\/div>\n\t\t\t\t<\/div>","protected":false},"excerpt":{"rendered":"<p>Euro Line Podaci o kompaniji PIB 104167320 MATI\u010cNI BROJ 20102837 ADRESA VU\u010cKOVICA BB, 34240 KNI\u0106, SRBIJA SAJT WWW.PASTIR.RS STANDARDI HACCP I FSSC \u0160IFRA DELATNOSTI 1039<\/p>","protected":false},"author":2,"featured_media":0,"parent":0,"menu_order":0,"comment_status":"closed","ping_status":"closed","template":"page-full-width.php","meta":{"footnotes":""},"class_list":["post-13461","page","type-page","status-publish","hentry"],"_links":{"self":[{"href":"https:\/\/pastir.rs\/en\/wp-json\/wp\/v2\/pages\/13461","targetHints":{"allow":["GET"]}}],"collection":[{"href":"https:\/\/pastir.rs\/en\/wp-json\/wp\/v2\/pages"}],"about":[{"href":"https:\/\/pastir.rs\/en\/wp-json\/wp\/v2\/types\/page"}],"author":[{"embeddable":true,"href":"https:\/\/pastir.rs\/en\/wp-json\/wp\/v2\/users\/2"}],"replies":[{"embeddable":true,"href":"https:\/\/pastir.rs\/en\/wp-json\/wp\/v2\/comments?post=13461"}],"version-history":[{"count":28,"href":"https:\/\/pastir.rs\/en\/wp-json\/wp\/v2\/pages\/13461\/revisions"}],"predecessor-version":[{"id":15417,"href":"https:\/\/pastir.rs\/en\/wp-json\/wp\/v2\/pages\/13461\/revisions\/15417"}],"wp:attachment":[{"href":"https:\/\/pastir.rs\/en\/wp-json\/wp\/v2\/media?parent=13461"}],"curies":[{"name":"wp","href":"https:\/\/api.w.org\/{rel}","templated":true}]}}