{"id":16527,"date":"2026-01-22T23:44:41","date_gmt":"2026-01-22T23:44:41","guid":{"rendered":"https:\/\/pastir.rs\/?page_id=16527"},"modified":"2026-01-26T01:09:51","modified_gmt":"2026-01-26T01:09:51","slug":"mama-helga","status":"publish","type":"page","link":"https:\/\/pastir.rs\/en\/mama-helga\/","title":{"rendered":"Mama Helga"},"content":{"rendered":"<div data-elementor-type=\"wp-page\" data-elementor-id=\"16527\" class=\"elementor elementor-16527\">\n\t\t\t\t<div class=\"elementor-element elementor-element-7b89188 e-con-full e-flex e-con e-parent\" data-id=\"7b89188\" data-element_type=\"container\" data-settings=\"{&quot;background_background&quot;:&quot;classic&quot;}\">\n\t\t<div class=\"elementor-element elementor-element-1e14eba e-con-full qodef-elementor-content-grid e-flex e-con e-child\" data-id=\"1e14eba\" data-element_type=\"container\">\n\t\t\t\t<div class=\"elementor-element elementor-element-a06ab31 elementor-invisible elementor-widget elementor-widget-image\" data-id=\"a06ab31\" data-element_type=\"widget\" data-settings=\"{&quot;_animation&quot;:&quot;fadeIn&quot;,&quot;_animation_delay&quot;:400}\" data-widget_type=\"image.default\">\n\t\t\t\t<div class=\"elementor-widget-container\">\n\t\t\t\t\t\t\t\t\t\t\t\t\t\t\t<img fetchpriority=\"high\" decoding=\"async\" width=\"933\" height=\"797\" src=\"https:\/\/pastir.rs\/wp-content\/uploads\/2026\/01\/LOGO-MAMA-HELGA.webp\" class=\"attachment-large size-large wp-image-16525\" alt=\"\" srcset=\"https:\/\/pastir.rs\/wp-content\/uploads\/2026\/01\/LOGO-MAMA-HELGA.webp 933w, https:\/\/pastir.rs\/wp-content\/uploads\/2026\/01\/LOGO-MAMA-HELGA-300x256.webp 300w, https:\/\/pastir.rs\/wp-content\/uploads\/2026\/01\/LOGO-MAMA-HELGA-768x656.webp 768w, https:\/\/pastir.rs\/wp-content\/uploads\/2026\/01\/LOGO-MAMA-HELGA-14x12.webp 14w\" sizes=\"(max-width: 933px) 100vw, 933px\" \/>\t\t\t\t\t\t\t\t\t\t\t\t\t\t\t<\/div>\n\t\t\t\t<\/div>\n\t\t\t\t<div class=\"elementor-element elementor-element-c953ffe elementor-invisible elementor-widget elementor-widget-heading\" data-id=\"c953ffe\" data-element_type=\"widget\" data-settings=\"{&quot;_animation&quot;:&quot;fadeIn&quot;,&quot;_animation_delay&quot;:750}\" data-widget_type=\"heading.default\">\n\t\t\t\t<div class=\"elementor-widget-container\">\n\t\t\t\t\t<h2 class=\"elementor-heading-title elementor-size-default\">CHEESES<\/h2>\t\t\t\t<\/div>\n\t\t\t\t<\/div>\n\t\t\t\t<\/div>\n\t\t\t\t<\/div>\n\t\t<div class=\"elementor-element elementor-element-01bdeca e-flex e-con-boxed e-con e-parent\" data-id=\"01bdeca\" data-element_type=\"container\">\n\t\t\t\t\t<div class=\"e-con-inner\">\n\t\t\t\t<div class=\"elementor-element elementor-element-205067b elementor-widget elementor-widget-text-editor\" data-id=\"205067b\" data-element_type=\"widget\" data-widget_type=\"text-editor.default\">\n\t\t\t\t<div class=\"elementor-widget-container\">\n\t\t\t\t\t\t\t\t\t<p>In the heart of the German mountains, where cows graze on lush green meadows, a cheese is born that carries the name of one woman \u2014 MAMA HELGA.<\/p><p>HELGA is a mountain woman from Germany, whose hands smell of fresh milk, homemade bread, and early mornings.<\/p><p><strong>WELCOME TO HER WORLD!<\/strong><\/p><p>MAMA HELGA is a symbol of tradition, trust, and flavors we never forget.<br \/>In her kitchen, cheese is made from the milk of cows grazing on green pastures, following a recipe passed down from generation to generation \u2014 and crafted with immeasurable love.<\/p><p>Her kitchen is filled with tradition, warmth, and 100% pure dairy flavors.<br \/>A story of home, comfort, German precision, and quality with a soul.<\/p><p>Every bite of MAMA HELGA cheese melts in your mouth \u2014 mild, delicate, and rich in flavor.\u00a0<\/p>\t\t\t\t\t\t\t\t<\/div>\n\t\t\t\t<\/div>\n\t\t\t\t\t<\/div>\n\t\t\t\t<\/div>\n\t\t<div class=\"elementor-element elementor-element-248f69d e-flex e-con-boxed e-con e-parent\" data-id=\"248f69d\" data-element_type=\"container\">\n\t\t\t\t\t<div class=\"e-con-inner\">\n\t\t\t\t<div class=\"elementor-element elementor-element-919687c elementor-widget elementor-widget-fidalgo_core_image_gallery\" data-id=\"919687c\" data-element_type=\"widget\" data-widget_type=\"fidalgo_core_image_gallery.default\">\n\t\t\t\t<div class=\"elementor-widget-container\">\n\t\t\t\t\t    <div class=\"qodef-shortcode qodef-m  qodef-image-gallery   qodef-display-captions qodef-captions-on-hover qodef-border-radius-predefined-none    qodef--has-hover qodef-grid qodef-swiper-container    qodef-col-num--4    qodef-responsive--predefined qodef-swiper--show-pagination\"  data-options=\"{&quot;spaceBetween&quot;:30,&quot;slidesPerView&quot;:&quot;4&quot;,&quot;loop&quot;:true,&quot;autoplay&quot;:true,&quot;speed&quot;:&quot;&quot;,&quot;speedAnimation&quot;:&quot;&quot;,&quot;slideAnimation&quot;:&quot;&quot;,&quot;direction&quot;:&quot;&quot;,&quot;centeredSlides&quot;:&quot;&quot;,&quot;sliderScroll&quot;:&quot;&quot;,&quot;loopedSlides&quot;:&quot;&quot;,&quot;hiddenSlides&quot;:&quot;no&quot;,&quot;outsideNavigation&quot;:&quot;yes&quot;,&quot;partialColumn&quot;:null,&quot;unique&quot;:47}\">\n        <div class=\"swiper-wrapper\">\n            <div class=\"qodef-e qodef-image-wrapper  swiper-slide\">\n\t\t\t<a itemprop=\"url\" class=\"qodef-round-borders-wrapper\" href=\"https:\/\/pastir.rs\/en\/konfekcioniranje\/mama-helga-edamer-cca-500g\/\" target=\"_self\">\n\t\t\t<div class=\"qodef-round-borders-wrapper-inner\">\n\t\t\t<img decoding=\"async\" width=\"550\" height=\"700\" src=\"https:\/\/pastir.rs\/wp-content\/uploads\/2025\/12\/mama-helga-edamer.webp\" class=\"attachment-full size-full\" alt=\"\" srcset=\"https:\/\/pastir.rs\/wp-content\/uploads\/2025\/12\/mama-helga-edamer.webp 550w, https:\/\/pastir.rs\/wp-content\/uploads\/2025\/12\/mama-helga-edamer-236x300.webp 236w, https:\/\/pastir.rs\/wp-content\/uploads\/2025\/12\/mama-helga-edamer-9x12.webp 9w\" sizes=\"(max-width: 550px) 100vw, 550px\" \/>\t\t<\/div>\n            <div class=\"qodef-e-content\">\n         <div class=\"qodef-e-title\">\n            <span class=\"qodef-e-caption\">\n                MAMA HELGA EDAMER APPROX 500G            <\/span>\n        <\/div>\n\t    <div class=\"qodef-e-description\">\n\t        \t    <\/div>\n\t<\/div>\n    \t\t\t<\/a>\n\t<\/div>\n<div class=\"qodef-e qodef-image-wrapper  swiper-slide\">\n\t\t\t<a itemprop=\"url\" class=\"qodef-round-borders-wrapper\" href=\"https:\/\/pastir.rs\/en\/konfekcioniranje\/mama-helga-gauda-cca-500g\/\" target=\"_self\">\n\t\t\t<div class=\"qodef-round-borders-wrapper-inner\">\n\t\t\t<img decoding=\"async\" width=\"550\" height=\"700\" src=\"https:\/\/pastir.rs\/wp-content\/uploads\/2025\/12\/MAMA-HELGA-GAUDA-CCA-500G-slika.webp\" class=\"attachment-full size-full\" alt=\"\" srcset=\"https:\/\/pastir.rs\/wp-content\/uploads\/2025\/12\/MAMA-HELGA-GAUDA-CCA-500G-slika.webp 550w, https:\/\/pastir.rs\/wp-content\/uploads\/2025\/12\/MAMA-HELGA-GAUDA-CCA-500G-slika-236x300.webp 236w, https:\/\/pastir.rs\/wp-content\/uploads\/2025\/12\/MAMA-HELGA-GAUDA-CCA-500G-slika-9x12.webp 9w\" sizes=\"(max-width: 550px) 100vw, 550px\" \/>\t\t<\/div>\n            <div class=\"qodef-e-content\">\n         <div class=\"qodef-e-title\">\n            <span class=\"qodef-e-caption\">\n                MAMA HELGA GAUDA APROX 500G            <\/span>\n        <\/div>\n\t    <div class=\"qodef-e-description\">\n\t        \t    <\/div>\n\t<\/div>\n    \t\t\t<\/a>\n\t<\/div>\n<div class=\"qodef-e qodef-image-wrapper  swiper-slide\">\n\t\t\t<a itemprop=\"url\" class=\"qodef-round-borders-wrapper\" href=\"https:\/\/pastir.rs\/en\/mama-helga\/mama-helga-edamer-cca-3kg\/\" target=\"_self\">\n\t\t\t<div class=\"qodef-round-borders-wrapper-inner\">\n\t\t\t<img loading=\"lazy\" decoding=\"async\" width=\"550\" height=\"700\" src=\"https:\/\/pastir.rs\/wp-content\/uploads\/2026\/01\/MAMA-HELGA-EDAMER-CCA-3KG-SLIKA.webp\" class=\"attachment-full size-full\" alt=\"\" srcset=\"https:\/\/pastir.rs\/wp-content\/uploads\/2026\/01\/MAMA-HELGA-EDAMER-CCA-3KG-SLIKA.webp 550w, https:\/\/pastir.rs\/wp-content\/uploads\/2026\/01\/MAMA-HELGA-EDAMER-CCA-3KG-SLIKA-236x300.webp 236w, https:\/\/pastir.rs\/wp-content\/uploads\/2026\/01\/MAMA-HELGA-EDAMER-CCA-3KG-SLIKA-9x12.webp 9w\" sizes=\"(max-width: 550px) 100vw, 550px\" \/>\t\t<\/div>\n            <div class=\"qodef-e-content\">\n         <div class=\"qodef-e-title\">\n            <span class=\"qodef-e-caption\">\n                MAMA HELGA EDAMER APPROX 3KG            <\/span>\n        <\/div>\n\t    <div class=\"qodef-e-description\">\n\t        \t    <\/div>\n\t<\/div>\n    \t\t\t<\/a>\n\t<\/div>\n<div class=\"qodef-e qodef-image-wrapper  swiper-slide\">\n\t\t\t<a itemprop=\"url\" class=\"qodef-round-borders-wrapper\" href=\"https:\/\/pastir.rs\/en\/mama-helga\/mama-helga-gauda-cca-3kg\/\" target=\"_self\">\n\t\t\t<div class=\"qodef-round-borders-wrapper-inner\">\n\t\t\t<img loading=\"lazy\" decoding=\"async\" width=\"550\" height=\"700\" src=\"https:\/\/pastir.rs\/wp-content\/uploads\/2026\/01\/MAMA-HELGA-GAUDA-CCA-3KG-SLIKA.webp\" class=\"attachment-full size-full\" alt=\"\" srcset=\"https:\/\/pastir.rs\/wp-content\/uploads\/2026\/01\/MAMA-HELGA-GAUDA-CCA-3KG-SLIKA.webp 550w, https:\/\/pastir.rs\/wp-content\/uploads\/2026\/01\/MAMA-HELGA-GAUDA-CCA-3KG-SLIKA-236x300.webp 236w, https:\/\/pastir.rs\/wp-content\/uploads\/2026\/01\/MAMA-HELGA-GAUDA-CCA-3KG-SLIKA-9x12.webp 9w\" sizes=\"(max-width: 550px) 100vw, 550px\" \/>\t\t<\/div>\n            <div class=\"qodef-e-content\">\n         <div class=\"qodef-e-title\">\n            <span class=\"qodef-e-caption\">\n                MAMA HELGA GAUDA APROX 3KG            <\/span>\n        <\/div>\n\t    <div class=\"qodef-e-description\">\n\t        \t    <\/div>\n\t<\/div>\n    \t\t\t<\/a>\n\t<\/div>\n        <\/div>\n        \t<div class=\"swiper-button-prev swiper-button-outside swiper-button-prev-47\"><svg class=\"qodef-svg--slider-arrow-left\"  xmlns=\"http:\/\/www.w3.org\/2000\/svg\" width=\"29.457\" height=\"57.914\"><g fill=\"none\" stroke=\"currentColor\" stroke-linecap=\"round\" stroke-linejoin=\"round\"><path d=\"M28.75.707.5 28.957l28.25 28.25\"\/><path d=\"M 18.75 39.682 L 8.11 29.043 l 10.64 -10.64\"\/><\/g><\/svg><\/div>\n\t<div class=\"swiper-button-next swiper-button-outside swiper-button-next-47\"><svg class=\"qodef-svg--slider-arrow-right\" xmlns=\"http:\/\/www.w3.org\/2000\/svg\" width=\"29.457\" height=\"57.914\"><g fill=\"none\" stroke=\"currentColor\" stroke-linecap=\"round\" stroke-linejoin=\"round\"><path d=\"m.707 57.207 28.25-28.25L.707.707\"\/><path d=\"m10.707 39.596 10.64-10.639-10.64-10.64\" \/><\/g><\/svg><\/div>\n        \t<div class=\"swiper-pagination\"><\/div>\n    <\/div>\n\t\t\t\t<\/div>\n\t\t\t\t<\/div>\n\t\t\t\t\t<\/div>\n\t\t\t\t<\/div>\n\t\t\t\t<\/div>","protected":false},"excerpt":{"rendered":"<p>SIREVI U srcu nema\u010dkih planina, gde krave pasu na zelenim livadama, nastaje sir koji nosi ime jedne \u017eene \u2014 MAMA HELGA. HELGA je \u017eena sa planine iz Nema\u010dke, \u010dije ruke miri\u0161u na sve\u017ee mleko, doma\u0107i hleb i rano jutro. DOBRODO\u0160LI U NJEN SVET! MAMA HELGA je simbol tradicije, poverenja i ukusa koji ne zaboravljamo.U njenoj [&hellip;]<\/p>","protected":false},"author":2,"featured_media":0,"parent":0,"menu_order":0,"comment_status":"closed","ping_status":"closed","template":"page-full-width.php","meta":{"footnotes":""},"class_list":["post-16527","page","type-page","status-publish","hentry"],"_links":{"self":[{"href":"https:\/\/pastir.rs\/en\/wp-json\/wp\/v2\/pages\/16527","targetHints":{"allow":["GET"]}}],"collection":[{"href":"https:\/\/pastir.rs\/en\/wp-json\/wp\/v2\/pages"}],"about":[{"href":"https:\/\/pastir.rs\/en\/wp-json\/wp\/v2\/types\/page"}],"author":[{"embeddable":true,"href":"https:\/\/pastir.rs\/en\/wp-json\/wp\/v2\/users\/2"}],"replies":[{"embeddable":true,"href":"https:\/\/pastir.rs\/en\/wp-json\/wp\/v2\/comments?post=16527"}],"version-history":[{"count":31,"href":"https:\/\/pastir.rs\/en\/wp-json\/wp\/v2\/pages\/16527\/revisions"}],"predecessor-version":[{"id":16572,"href":"https:\/\/pastir.rs\/en\/wp-json\/wp\/v2\/pages\/16527\/revisions\/16572"}],"wp:attachment":[{"href":"https:\/\/pastir.rs\/en\/wp-json\/wp\/v2\/media?parent=16527"}],"curies":[{"name":"wp","href":"https:\/\/api.w.org\/{rel}","templated":true}]}}