{"id":16574,"date":"2026-02-04T23:47:19","date_gmt":"2026-02-04T23:47:19","guid":{"rendered":"https:\/\/pastir.rs\/?page_id=16574"},"modified":"2026-02-09T11:19:19","modified_gmt":"2026-02-09T11:19:19","slug":"nanina-tajna","status":"publish","type":"page","link":"https:\/\/pastir.rs\/en\/nanina-tajna\/","title":{"rendered":"Nanina tajna"},"content":{"rendered":"<div data-elementor-type=\"wp-page\" data-elementor-id=\"16574\" class=\"elementor elementor-16574\">\n\t\t\t\t<div class=\"elementor-element elementor-element-7b89188 e-con-full e-flex e-con e-parent\" data-id=\"7b89188\" data-element_type=\"container\" data-settings=\"{&quot;background_background&quot;:&quot;classic&quot;}\">\n\t\t<div class=\"elementor-element elementor-element-1e14eba e-con-full qodef-elementor-content-grid e-flex e-con e-child\" data-id=\"1e14eba\" data-element_type=\"container\">\n\t\t\t\t<div class=\"elementor-element elementor-element-a06ab31 elementor-invisible elementor-widget elementor-widget-image\" data-id=\"a06ab31\" data-element_type=\"widget\" data-settings=\"{&quot;_animation&quot;:&quot;fadeIn&quot;,&quot;_animation_delay&quot;:400}\" data-widget_type=\"image.default\">\n\t\t\t\t<div class=\"elementor-widget-container\">\n\t\t\t\t\t\t\t\t\t\t\t\t\t\t\t<img fetchpriority=\"high\" decoding=\"async\" width=\"1024\" height=\"1024\" src=\"https:\/\/pastir.rs\/wp-content\/uploads\/2026\/02\/Nanina-Tajna-Logo-bela.webp\" class=\"attachment-large size-large wp-image-16582\" alt=\"\" srcset=\"https:\/\/pastir.rs\/wp-content\/uploads\/2026\/02\/Nanina-Tajna-Logo-bela.webp 1024w, https:\/\/pastir.rs\/wp-content\/uploads\/2026\/02\/Nanina-Tajna-Logo-bela-300x300.webp 300w, https:\/\/pastir.rs\/wp-content\/uploads\/2026\/02\/Nanina-Tajna-Logo-bela-150x150.webp 150w, https:\/\/pastir.rs\/wp-content\/uploads\/2026\/02\/Nanina-Tajna-Logo-bela-768x768.webp 768w, https:\/\/pastir.rs\/wp-content\/uploads\/2026\/02\/Nanina-Tajna-Logo-bela-12x12.webp 12w, https:\/\/pastir.rs\/wp-content\/uploads\/2026\/02\/Nanina-Tajna-Logo-bela-650x650.webp 650w\" sizes=\"(max-width: 1024px) 100vw, 1024px\" \/>\t\t\t\t\t\t\t\t\t\t\t\t\t\t\t<\/div>\n\t\t\t\t<\/div>\n\t\t\t\t<div class=\"elementor-element elementor-element-f6282c9 elementor-invisible elementor-widget elementor-widget-heading\" data-id=\"f6282c9\" data-element_type=\"widget\" data-settings=\"{&quot;_animation&quot;:&quot;fadeIn&quot;,&quot;_animation_delay&quot;:650}\" data-widget_type=\"heading.default\">\n\t\t\t\t<div class=\"elementor-widget-container\">\n\t\t\t\t\t<h2 class=\"elementor-heading-title elementor-size-default\">ZIMNICA<\/h2>\t\t\t\t<\/div>\n\t\t\t\t<\/div>\n\t\t\t\t<\/div>\n\t\t\t\t<\/div>\n\t\t<div class=\"elementor-element elementor-element-01bdeca e-flex e-con-boxed e-con e-parent\" data-id=\"01bdeca\" data-element_type=\"container\">\n\t\t\t\t\t<div class=\"e-con-inner\">\n\t\t\t\t<div class=\"elementor-element elementor-element-205067b elementor-widget elementor-widget-text-editor\" data-id=\"205067b\" data-element_type=\"widget\" data-widget_type=\"text-editor.default\">\n\t\t\t\t<div class=\"elementor-widget-container\">\n\t\t\t\t\t\t\t\t\t<p>Nana's secret brings to your table the very best of traditional Balkan home cooking \u2014 carefully prepared preserves made from selected produce, stored just the way our grandmothers used to do it. Every jar holds the scent of childhood, the warmth of home, and the reassurance that everything is made from natural ingredients, without unnecessary additives.<\/p><p>Our products are created out of a love for great flavors \u2014 whether it\u2019s salads, beets, pickled cucumbers, or hot peppers. Nana's secred is a blend of tradition and trust, for everyone who wants to enjoy the taste of homemade preserves, whether at a family meal or as a thoughtful gift for loved ones.<\/p>\t\t\t\t\t\t\t\t<\/div>\n\t\t\t\t<\/div>\n\t\t\t\t\t<\/div>\n\t\t\t\t<\/div>\n\t\t<div class=\"elementor-element elementor-element-248f69d e-flex e-con-boxed e-con e-parent\" data-id=\"248f69d\" data-element_type=\"container\">\n\t\t\t\t\t<div class=\"e-con-inner\">\n\t\t\t\t<div class=\"elementor-element elementor-element-919687c elementor-widget elementor-widget-fidalgo_core_image_gallery\" data-id=\"919687c\" data-element_type=\"widget\" data-widget_type=\"fidalgo_core_image_gallery.default\">\n\t\t\t\t<div class=\"elementor-widget-container\">\n\t\t\t\t\t    <div class=\"qodef-shortcode qodef-m  qodef-image-gallery   qodef-display-captions qodef-captions-on-hover qodef-border-radius-predefined-none    qodef--has-hover qodef-grid qodef-swiper-container    qodef-col-num--4    qodef-responsive--predefined qodef-swiper--show-pagination\"  data-options=\"{&quot;spaceBetween&quot;:30,&quot;slidesPerView&quot;:&quot;4&quot;,&quot;loop&quot;:true,&quot;autoplay&quot;:true,&quot;speed&quot;:&quot;&quot;,&quot;speedAnimation&quot;:&quot;&quot;,&quot;slideAnimation&quot;:&quot;&quot;,&quot;direction&quot;:&quot;&quot;,&quot;centeredSlides&quot;:&quot;&quot;,&quot;sliderScroll&quot;:&quot;&quot;,&quot;loopedSlides&quot;:&quot;&quot;,&quot;hiddenSlides&quot;:&quot;no&quot;,&quot;outsideNavigation&quot;:&quot;yes&quot;,&quot;partialColumn&quot;:null,&quot;unique&quot;:1}\">\n        <div class=\"swiper-wrapper\">\n            <div class=\"qodef-e qodef-image-wrapper  swiper-slide\">\n\t\t\t<a itemprop=\"url\" class=\"qodef-round-borders-wrapper\" href=\"https:\/\/pastir.rs\/en\/nanina-tajna\/nanina-tajna-domaci-krastavci-690g\/\" target=\"_self\">\n\t\t\t<div class=\"qodef-round-borders-wrapper-inner\">\n\t\t\t<img decoding=\"async\" width=\"550\" height=\"700\" src=\"https:\/\/pastir.rs\/wp-content\/uploads\/2026\/02\/NANINA-TAJNA-DOMACI-KRASTAVCI-690G-SLIKA.webp\" class=\"attachment-full size-full\" alt=\"\" srcset=\"https:\/\/pastir.rs\/wp-content\/uploads\/2026\/02\/NANINA-TAJNA-DOMACI-KRASTAVCI-690G-SLIKA.webp 550w, https:\/\/pastir.rs\/wp-content\/uploads\/2026\/02\/NANINA-TAJNA-DOMACI-KRASTAVCI-690G-SLIKA-236x300.webp 236w, https:\/\/pastir.rs\/wp-content\/uploads\/2026\/02\/NANINA-TAJNA-DOMACI-KRASTAVCI-690G-SLIKA-9x12.webp 9w\" sizes=\"(max-width: 550px) 100vw, 550px\" \/>\t\t<\/div>\n            <div class=\"qodef-e-content\">\n         <div class=\"qodef-e-title\">\n            <span class=\"qodef-e-caption\">\n                NANA'S SECRET HOMEMADE CUCUMBERS 690G            <\/span>\n        <\/div>\n\t    <div class=\"qodef-e-description\">\n\t        \t    <\/div>\n\t<\/div>\n    \t\t\t<\/a>\n\t<\/div>\n<div class=\"qodef-e qodef-image-wrapper  swiper-slide\">\n\t\t\t<a itemprop=\"url\" class=\"qodef-round-borders-wrapper\" href=\"https:\/\/pastir.rs\/en\/nanina-tajna\/nanina-tajna-krastavci-690g\/\" target=\"_self\">\n\t\t\t<div class=\"qodef-round-borders-wrapper-inner\">\n\t\t\t<img decoding=\"async\" width=\"550\" height=\"700\" src=\"https:\/\/pastir.rs\/wp-content\/uploads\/2026\/02\/NANINA-TAJNA-KRASTAVCI-690G-SLIKA.webp\" class=\"attachment-full size-full\" alt=\"\" srcset=\"https:\/\/pastir.rs\/wp-content\/uploads\/2026\/02\/NANINA-TAJNA-KRASTAVCI-690G-SLIKA.webp 550w, https:\/\/pastir.rs\/wp-content\/uploads\/2026\/02\/NANINA-TAJNA-KRASTAVCI-690G-SLIKA-236x300.webp 236w, https:\/\/pastir.rs\/wp-content\/uploads\/2026\/02\/NANINA-TAJNA-KRASTAVCI-690G-SLIKA-9x12.webp 9w\" sizes=\"(max-width: 550px) 100vw, 550px\" \/>\t\t<\/div>\n            <div class=\"qodef-e-content\">\n         <div class=\"qodef-e-title\">\n            <span class=\"qodef-e-caption\">\n                NANA'S SECRET CUCUMBERS 690G            <\/span>\n        <\/div>\n\t    <div class=\"qodef-e-description\">\n\t        \t    <\/div>\n\t<\/div>\n    \t\t\t<\/a>\n\t<\/div>\n<div class=\"qodef-e qodef-image-wrapper  swiper-slide\">\n\t\t\t<a itemprop=\"url\" class=\"qodef-round-borders-wrapper\" href=\"https:\/\/pastir.rs\/en\/nanina-tajna\/nanina-tajna-cvekla-720g\/\" target=\"_self\">\n\t\t\t<div class=\"qodef-round-borders-wrapper-inner\">\n\t\t\t<img loading=\"lazy\" decoding=\"async\" width=\"550\" height=\"700\" src=\"https:\/\/pastir.rs\/wp-content\/uploads\/2026\/02\/NANINA-TAJNA-CVEKLA-720G-SLIKA.webp\" class=\"attachment-full size-full\" alt=\"\" srcset=\"https:\/\/pastir.rs\/wp-content\/uploads\/2026\/02\/NANINA-TAJNA-CVEKLA-720G-SLIKA.webp 550w, https:\/\/pastir.rs\/wp-content\/uploads\/2026\/02\/NANINA-TAJNA-CVEKLA-720G-SLIKA-236x300.webp 236w, https:\/\/pastir.rs\/wp-content\/uploads\/2026\/02\/NANINA-TAJNA-CVEKLA-720G-SLIKA-9x12.webp 9w\" sizes=\"(max-width: 550px) 100vw, 550px\" \/>\t\t<\/div>\n            <div class=\"qodef-e-content\">\n         <div class=\"qodef-e-title\">\n            <span class=\"qodef-e-caption\">\n                NANA'S SECRET BEETROOT 720G            <\/span>\n        <\/div>\n\t    <div class=\"qodef-e-description\">\n\t        \t    <\/div>\n\t<\/div>\n    \t\t\t<\/a>\n\t<\/div>\n<div class=\"qodef-e qodef-image-wrapper  swiper-slide\">\n\t\t\t<a itemprop=\"url\" class=\"qodef-round-borders-wrapper\" href=\"https:\/\/pastir.rs\/en\/nanina-tajna\/nanina-tajna-sarena-salata-670g\/\" target=\"_self\">\n\t\t\t<div class=\"qodef-round-borders-wrapper-inner\">\n\t\t\t<img loading=\"lazy\" decoding=\"async\" width=\"550\" height=\"700\" src=\"https:\/\/pastir.rs\/wp-content\/uploads\/2026\/02\/NANINA-TAJNA-SARENA-SALATA-670G-SLIKA.webp\" class=\"attachment-full size-full\" alt=\"\" srcset=\"https:\/\/pastir.rs\/wp-content\/uploads\/2026\/02\/NANINA-TAJNA-SARENA-SALATA-670G-SLIKA.webp 550w, https:\/\/pastir.rs\/wp-content\/uploads\/2026\/02\/NANINA-TAJNA-SARENA-SALATA-670G-SLIKA-236x300.webp 236w, https:\/\/pastir.rs\/wp-content\/uploads\/2026\/02\/NANINA-TAJNA-SARENA-SALATA-670G-SLIKA-9x12.webp 9w\" sizes=\"(max-width: 550px) 100vw, 550px\" \/>\t\t<\/div>\n            <div class=\"qodef-e-content\">\n         <div class=\"qodef-e-title\">\n            <span class=\"qodef-e-caption\">\n                NANA'S SECRET MIXED SALAD 670G            <\/span>\n        <\/div>\n\t    <div class=\"qodef-e-description\">\n\t        \t    <\/div>\n\t<\/div>\n    \t\t\t<\/a>\n\t<\/div>\n<div class=\"qodef-e qodef-image-wrapper  swiper-slide\">\n\t\t\t<a itemprop=\"url\" class=\"qodef-round-borders-wrapper\" href=\"https:\/\/pastir.rs\/en\/nanina-tajna\/nanina-tajna-feferone-310g\/\" target=\"_self\">\n\t\t\t<div class=\"qodef-round-borders-wrapper-inner\">\n\t\t\t<img loading=\"lazy\" decoding=\"async\" width=\"550\" height=\"700\" src=\"https:\/\/pastir.rs\/wp-content\/uploads\/2026\/02\/NANINA-TAJNA-FEFERONE-310G-SLIKA.webp\" class=\"attachment-full size-full\" alt=\"\" srcset=\"https:\/\/pastir.rs\/wp-content\/uploads\/2026\/02\/NANINA-TAJNA-FEFERONE-310G-SLIKA.webp 550w, https:\/\/pastir.rs\/wp-content\/uploads\/2026\/02\/NANINA-TAJNA-FEFERONE-310G-SLIKA-236x300.webp 236w, https:\/\/pastir.rs\/wp-content\/uploads\/2026\/02\/NANINA-TAJNA-FEFERONE-310G-SLIKA-9x12.webp 9w\" sizes=\"(max-width: 550px) 100vw, 550px\" \/>\t\t<\/div>\n            <div class=\"qodef-e-content\">\n         <div class=\"qodef-e-title\">\n            <span class=\"qodef-e-caption\">\n                NANA'S SECRET PEPPERONI 310G            <\/span>\n        <\/div>\n\t    <div class=\"qodef-e-description\">\n\t        \t    <\/div>\n\t<\/div>\n    \t\t\t<\/a>\n\t<\/div>\n        <\/div>\n        \t<div class=\"swiper-button-prev swiper-button-outside swiper-button-prev-1\"><svg class=\"qodef-svg--slider-arrow-left\"  xmlns=\"http:\/\/www.w3.org\/2000\/svg\" width=\"29.457\" height=\"57.914\"><g fill=\"none\" stroke=\"currentColor\" stroke-linecap=\"round\" stroke-linejoin=\"round\"><path d=\"M28.75.707.5 28.957l28.25 28.25\"\/><path d=\"M 18.75 39.682 L 8.11 29.043 l 10.64 -10.64\"\/><\/g><\/svg><\/div>\n\t<div class=\"swiper-button-next swiper-button-outside swiper-button-next-1\"><svg class=\"qodef-svg--slider-arrow-right\" xmlns=\"http:\/\/www.w3.org\/2000\/svg\" width=\"29.457\" height=\"57.914\"><g fill=\"none\" stroke=\"currentColor\" stroke-linecap=\"round\" stroke-linejoin=\"round\"><path d=\"m.707 57.207 28.25-28.25L.707.707\"\/><path d=\"m10.707 39.596 10.64-10.639-10.64-10.64\" \/><\/g><\/svg><\/div>\n        \t<div class=\"swiper-pagination\"><\/div>\n    <\/div>\n\t\t\t\t<\/div>\n\t\t\t\t<\/div>\n\t\t\t\t\t<\/div>\n\t\t\t\t<\/div>\n\t\t\t\t<\/div>","protected":false},"excerpt":{"rendered":"<p>ZIMNICA Nanina tajna donosi na va\u0161 sto ono najbolje iz tradicionalne balkanske doma\u0107e kuhinje \u2013 pa\u017eljivo pripremljenu zimnicu od biranih plodova, \u010duvanu na na\u010din kako su to radile na\u0161e bake. Svaka tegla krije miris detinjstva, toplinu doma i sigurnost da je sve napravljeno od prirodnih sastojaka, bez suvi\u0161nih dodataka. Na\u0161i proizvodi nastaju iz ljubavi prema [&hellip;]<\/p>","protected":false},"author":2,"featured_media":0,"parent":0,"menu_order":0,"comment_status":"closed","ping_status":"closed","template":"page-full-width.php","meta":{"footnotes":""},"class_list":["post-16574","page","type-page","status-publish","hentry"],"_links":{"self":[{"href":"https:\/\/pastir.rs\/en\/wp-json\/wp\/v2\/pages\/16574","targetHints":{"allow":["GET"]}}],"collection":[{"href":"https:\/\/pastir.rs\/en\/wp-json\/wp\/v2\/pages"}],"about":[{"href":"https:\/\/pastir.rs\/en\/wp-json\/wp\/v2\/types\/page"}],"author":[{"embeddable":true,"href":"https:\/\/pastir.rs\/en\/wp-json\/wp\/v2\/users\/2"}],"replies":[{"embeddable":true,"href":"https:\/\/pastir.rs\/en\/wp-json\/wp\/v2\/comments?post=16574"}],"version-history":[{"count":13,"href":"https:\/\/pastir.rs\/en\/wp-json\/wp\/v2\/pages\/16574\/revisions"}],"predecessor-version":[{"id":16622,"href":"https:\/\/pastir.rs\/en\/wp-json\/wp\/v2\/pages\/16574\/revisions\/16622"}],"wp:attachment":[{"href":"https:\/\/pastir.rs\/en\/wp-json\/wp\/v2\/media?parent=16574"}],"curies":[{"name":"wp","href":"https:\/\/api.w.org\/{rel}","templated":true}]}}